{"id":248,"date":"2025-02-19T14:37:20","date_gmt":"2025-02-19T14:37:20","guid":{"rendered":"https:\/\/sirmionerooms.com\/?page_id=248"},"modified":"2025-09-17T17:01:35","modified_gmt":"2025-09-17T17:01:35","slug":"attivita-2","status":"publish","type":"page","link":"https:\/\/sirmionerooms.com\/?page_id=248","title":{"rendered":"Attivita&#8217;"},"content":{"rendered":"\n<p>Sirmione \u00e8 una splendida localit\u00e0 situata sul Lago di Garda, famosa per la sua storia, bellezze naturali e attrazioni turistiche. Ecco alcune attivit\u00e0 e luoghi da visitare durante un soggiorno a Sirmione:<\/p>\n\n\n\n<figure class=\"wp-block-video\"><video height=\"360\" style=\"aspect-ratio: 640 \/ 360;\" width=\"640\" controls src=\"https:\/\/sirmionerooms.com\/wp-content\/uploads\/2025\/02\/video-web-sirmione-SD-480p.mp4\"><\/video><\/figure>\n\n\n\n<ul class=\"wp-block-list\">\n<li><img decoding=\"async\" width=\"150\" height=\"100\" class=\"wp-image-465\" style=\"width: 150px;\" src=\"https:\/\/sirmionerooms.com\/wp-content\/uploads\/2025\/04\/th-6.jpg\" alt=\"\"> <strong><a href=\"https:\/\/visitsirmione.com\/scopri\/arte-storia-e-monumenti\/castello-scaligero\/\" data-type=\"page\" data-id=\"248\" target=\"_blank\" rel=\"noreferrer noopener nofollow\">Castello Scaligero<\/a><\/strong>: Visita il castello medievale che domina l&#8217;ingresso al paese. \u00c8 ben conservato e offre una vista panoramica sul lago.<img decoding=\"async\" class=\"wp-image-401\" style=\"width: NaNpx;\" src=\"https:\/\/sirmionerooms.com\/wp-content\/uploads\/2025\/02\/AE3791B7-2541-4A6D-B1A9-BD56C27B105A.heic\" alt=\"\"><\/li>\n\n\n\n<li><img decoding=\"async\" width=\"150\" height=\"100\" class=\"wp-image-458\" style=\"width: 150px;\" src=\"https:\/\/sirmionerooms.com\/wp-content\/uploads\/2025\/04\/th.jpg\" alt=\"\"><a href=\"https:\/\/www.termedisirmione.com\/spathermalgarden\/\" data-type=\"page\" data-id=\"248\" target=\"_blank\" rel=\"noreferrer noopener nofollow\"> Terme di Sirmione:<\/a> Approfitta delle acque termali, che sono famose per le loro propriet\u00e0 curative. Puoi scegliere di rilassarti in uno dei centri benessere o nelle piscine termali.<\/li>\n\n\n\n<li><img decoding=\"async\" width=\"150\" height=\"83\" class=\"wp-image-459\" style=\"width: 150px;\" src=\"https:\/\/sirmionerooms.com\/wp-content\/uploads\/2025\/04\/th-1.jpg\" alt=\"\"> <strong><a href=\"https:\/\/www.termedisirmione.com\/spathermalgarden\/\" data-type=\"page\" data-id=\"248\" target=\"_blank\" rel=\"noreferrer noopener nofollow\">Grotte di Catullo<\/a><\/strong>: Esplora le rovine di una villa romana situata sulla punta della penisola di Sirmione. Il sito offre anche un parco con vista sul lago.<\/li>\n\n\n\n<li><img loading=\"lazy\" decoding=\"async\" width=\"150\" height=\"99\" class=\"wp-image-466\" style=\"width: 150px;\" src=\"https:\/\/sirmionerooms.com\/wp-content\/uploads\/2025\/04\/th-5.jpg\" alt=\"\"> <strong><a href=\"https:\/\/visitsirmione.com\/scopri\/sirmione-la-perla-del-garda\/centro-storico\/\" data-type=\"page\" data-id=\"248\" target=\"_blank\" rel=\"noreferrer noopener nofollow\">Centro storico<\/a><\/strong>: Passeggia per le stradine del centro, piene di negozi, caff\u00e8 e ristoranti. Non perderti la Piazzetta di Sirmione, il cuore del paese.<\/li>\n\n\n\n<li><img loading=\"lazy\" decoding=\"async\" width=\"150\" height=\"84\" class=\"wp-image-464\" style=\"width: 150px;\" src=\"https:\/\/sirmionerooms.com\/wp-content\/uploads\/2025\/04\/th-7.jpg\" alt=\"\"> <strong><a href=\"https:\/\/visitsirmione.com\/scopri\/arte-storia-e-monumenti\/chiese-di-sirmione\/\" data-type=\"page\" data-id=\"248\" target=\"_blank\" rel=\"noreferrer noopener nofollow\">Chiesa di Santa Maria Maggiore<\/a><\/strong>: Visita questa chiesa storica, conosciuta per i suoi affreschi e il suo fascino architettonico.<\/li>\n\n\n\n<li><img loading=\"lazy\" decoding=\"async\" width=\"150\" height=\"84\" class=\"wp-image-355\" style=\"width: 150px;\" src=\"https:\/\/sirmionerooms.com\/wp-content\/uploads\/2025\/02\/B2F12AE4-159A-405B-96F8-114B65B3B1E4-scaled.jpeg\" alt=\"\" srcset=\"https:\/\/sirmionerooms.com\/wp-content\/uploads\/2025\/02\/B2F12AE4-159A-405B-96F8-114B65B3B1E4-scaled.jpeg 2560w, https:\/\/sirmionerooms.com\/wp-content\/uploads\/2025\/02\/B2F12AE4-159A-405B-96F8-114B65B3B1E4-768x432.jpeg 768w, https:\/\/sirmionerooms.com\/wp-content\/uploads\/2025\/02\/B2F12AE4-159A-405B-96F8-114B65B3B1E4-1536x864.jpeg 1536w, https:\/\/sirmionerooms.com\/wp-content\/uploads\/2025\/02\/B2F12AE4-159A-405B-96F8-114B65B3B1E4-2048x1152.jpeg 2048w\" sizes=\"(max-width: 150px) 100vw, 150px\" \/><a href=\"https:\/\/sirmionerooms.com\/?page_id=248\" data-type=\"page\" data-id=\"248\" target=\"_blank\" rel=\"noreferrer noopener nofollow\"> <strong>Spiagg<\/strong><\/a><strong><a href=\"https:\/\/visitsirmione.com\/scopri\/natura\/spiagge\/\" data-type=\"page\" data-id=\"248\" target=\"_blank\" rel=\"noreferrer noopener nofollow\">e e attivit\u00e0 acquatiche<\/a><\/strong>: Rilassati sulle spiagge di Sirmione o partecipa a attivit\u00e0 come paddleboarding, kayak e gite in barca.<\/li>\n\n\n\n<li><img loading=\"lazy\" decoding=\"async\" width=\"150\" height=\"84\" class=\"wp-image-461\" style=\"width: 150px;\" src=\"https:\/\/sirmionerooms.com\/wp-content\/uploads\/2025\/04\/th-2.jpg\" alt=\"\"> <strong><a href=\"https:\/\/visitsirmione.com\/vivi\/itinerari\/itinerari-a-piedi\/\" data-type=\"page\" data-id=\"248\" target=\"_blank\" rel=\"noreferrer noopener nofollow\">Passeggiata lungolago<\/a><\/strong>: Goditi una piacevole passeggiata lungo il lago, ammirando il panorama e l&#8217;atmosfera tranquilla.<\/li>\n\n\n\n<li><img loading=\"lazy\" decoding=\"async\" width=\"150\" height=\"78\" class=\"wp-image-462\" style=\"width: 150px;\" src=\"https:\/\/sirmionerooms.com\/wp-content\/uploads\/2025\/04\/th-3.jpg\" alt=\"\"> <strong><a href=\"https:\/\/visitsirmione.com\/vivi\/mangiare-e-bere\/dove-mangiare\/\" data-type=\"page\" data-id=\"248\" target=\"_blank\" rel=\"noreferrer noopener nofollow\">Enogastronomia<\/a><\/strong>: Assaggia la cucina locale, con piatti a base di pesce di lago e vini dei dintorni. Non dimenticare di provare un gelato artigianale.<\/li>\n\n\n\n<li><img loading=\"lazy\" decoding=\"async\" width=\"150\" height=\"150\" class=\"wp-image-452\" style=\"width: 150px;\" src=\"https:\/\/sirmionerooms.com\/wp-content\/uploads\/2025\/04\/IMG_9880.jpg\" alt=\"\" srcset=\"https:\/\/sirmionerooms.com\/wp-content\/uploads\/2025\/04\/IMG_9880.jpg 720w, https:\/\/sirmionerooms.com\/wp-content\/uploads\/2025\/04\/IMG_9880-100x100.jpg 100w\" sizes=\"(max-width: 150px) 100vw, 150px\" \/> <strong>Escursioni nei dintorni<\/strong>: Sirmione \u00e8 un buon punto di partenza per visitare altre localit\u00e0 sul Lago di Garda, come Desenzano, Bardolino, Lazise, Manerba .<\/li>\n\n\n\n<li><img loading=\"lazy\" decoding=\"async\" width=\"150\" height=\"75\" class=\"wp-image-463\" style=\"width: 150px;\" src=\"https:\/\/sirmionerooms.com\/wp-content\/uploads\/2025\/04\/th-4.jpg\" alt=\"\"> <strong><a href=\"https:\/\/visitsirmione.com\/prossimi-eventi\/\" data-type=\"page\" data-id=\"248\" target=\"_blank\" rel=\"noreferrer noopener nofollow\">Eventi e festival<\/a><\/strong>: Controlla se ci sono eventi locali, mercati o festival in programma durante la tua visita.<\/li>\n\n\n\n<li><img data-dominant-color=\"c3b08e\" data-has-transparency=\"false\" loading=\"lazy\" decoding=\"async\" width=\"150\" height=\"84\" class=\"wp-image-547 not-transparent\" style=\"--dominant-color: #c3b08e; width: 150px;\" src=\"https:\/\/sirmionerooms.com\/wp-content\/uploads\/2025\/09\/OIP.webp\" alt=\"\"><a href=\"https:\/\/visitsirmione.com\/vivi\/a-sirmione-con-il-tuo-cane\/\" data-type=\"page\" data-id=\"248\" target=\"_blank\" rel=\"noreferrer noopener nofollow\"> <strong>Sirmione con il tuo cane<\/strong> <\/a>: a Sirmione il tuo cane e&#8217; benvenuto esplora come divertiti con lui .<\/li>\n<\/ul>\n\n\n\n<p>Sirmione offre un mix perfetto di relax, cultura e attivi. Buon viaggio!<\/p>\n\n\n\n<p><\/p>\n","protected":false},"excerpt":{"rendered":"<p>Sirmione \u00e8 una splendida localit\u00e0 situata sul Lago di Garda, famosa per la sua storia, bellezze naturali e attrazioni turistiche. Ecco alcune attivit\u00e0 e luoghi da visitare durante un soggiorno a Sirmione: Sirmione offre un mix perfetto di relax, cultura e attivi. Buon viaggio!<\/p>\n","protected":false},"author":1,"featured_media":334,"parent":0,"menu_order":0,"comment_status":"closed","ping_status":"closed","template":"","meta":{"footnotes":""},"class_list":["post-248","page","type-page","status-publish","has-post-thumbnail","hentry"],"jetpack_sharing_enabled":true,"_links":{"self":[{"href":"https:\/\/sirmionerooms.com\/index.php?rest_route=\/wp\/v2\/pages\/248","targetHints":{"allow":["GET"]}}],"collection":[{"href":"https:\/\/sirmionerooms.com\/index.php?rest_route=\/wp\/v2\/pages"}],"about":[{"href":"https:\/\/sirmionerooms.com\/index.php?rest_route=\/wp\/v2\/types\/page"}],"author":[{"embeddable":true,"href":"https:\/\/sirmionerooms.com\/index.php?rest_route=\/wp\/v2\/users\/1"}],"replies":[{"embeddable":true,"href":"https:\/\/sirmionerooms.com\/index.php?rest_route=%2Fwp%2Fv2%2Fcomments&post=248"}],"version-history":[{"count":8,"href":"https:\/\/sirmionerooms.com\/index.php?rest_route=\/wp\/v2\/pages\/248\/revisions"}],"predecessor-version":[{"id":548,"href":"https:\/\/sirmionerooms.com\/index.php?rest_route=\/wp\/v2\/pages\/248\/revisions\/548"}],"wp:featuredmedia":[{"embeddable":true,"href":"https:\/\/sirmionerooms.com\/index.php?rest_route=\/wp\/v2\/media\/334"}],"wp:attachment":[{"href":"https:\/\/sirmionerooms.com\/index.php?rest_route=%2Fwp%2Fv2%2Fmedia&parent=248"}],"curies":[{"name":"wp","href":"https:\/\/api.w.org\/{rel}","templated":true}]}}